{"id":14,"date":"2026-03-30T09:27:24","date_gmt":"2026-03-30T07:27:24","guid":{"rendered":"http:\/\/localhost\/igma\/?page_id=14"},"modified":"2026-04-01T16:12:00","modified_gmt":"2026-04-01T14:12:00","slug":"mission-statement","status":"publish","type":"page","link":"https:\/\/igma.at\/?page_id=14","title":{"rendered":"Mission Statement"},"content":{"rendered":"\n<div style='text-align:center;padding-bottom:20px;'><img src='wp-content\/uploads\/2026\/03\/igma03.png'><\/div>\n<div class=\"content\">            \n                  <div id=\"c10\" class=\"csc-default\"><div class=\"csc-header csc-header-n1\"><h1 class=\"csc-firstHeader\"><\/div><p class=\"bodytext\">\u201eDer Verein Interessensgemeinschaft der Media Agenturen (IGMA) hat den Zweck, die gemeinsamen unternehmerischen Interessen der \u00f6sterreichischen Werbeunternehmen, insbesondere der Mediaagenturen und Werbeagenturen zu vertreten und zu f\u00f6rdern. Dies betrifft insbesondere die Durchf\u00fchrung bzw. Veranlassung von Marktforschungsstudien \u00fcber das Marktverhalten \u00f6sterreichischer Werbekunden auf allen klassischen Gebieten der Werbung, wie der Werbung in Print- und elektronischen Medien.\u201c<\/p><\/div>\n\n        <\/div>\n","protected":false},"excerpt":{"rendered":"<p>\u201eDer Verein Interessensgemeinschaft der Media Agenturen (IGMA) hat den Zweck, die gemeinsamen unternehmerischen Interessen der \u00f6sterreichischen Werbeunternehmen, insbesondere der Mediaagenturen und Werbeagenturen zu vertreten und zu f\u00f6rdern. Dies betrifft insbesondere &#8230;<\/p>\n","protected":false},"author":1,"featured_media":0,"parent":0,"menu_order":0,"comment_status":"closed","ping_status":"closed","template":"","meta":{"footnotes":""},"class_list":["post-14","page","type-page","status-publish","hentry"],"_links":{"self":[{"href":"https:\/\/igma.at\/index.php?rest_route=\/wp\/v2\/pages\/14","targetHints":{"allow":["GET"]}}],"collection":[{"href":"https:\/\/igma.at\/index.php?rest_route=\/wp\/v2\/pages"}],"about":[{"href":"https:\/\/igma.at\/index.php?rest_route=\/wp\/v2\/types\/page"}],"author":[{"embeddable":true,"href":"https:\/\/igma.at\/index.php?rest_route=\/wp\/v2\/users\/1"}],"replies":[{"embeddable":true,"href":"https:\/\/igma.at\/index.php?rest_route=%2Fwp%2Fv2%2Fcomments&post=14"}],"version-history":[{"count":5,"href":"https:\/\/igma.at\/index.php?rest_route=\/wp\/v2\/pages\/14\/revisions"}],"predecessor-version":[{"id":143,"href":"https:\/\/igma.at\/index.php?rest_route=\/wp\/v2\/pages\/14\/revisions\/143"}],"wp:attachment":[{"href":"https:\/\/igma.at\/index.php?rest_route=%2Fwp%2Fv2%2Fmedia&parent=14"}],"curies":[{"name":"wp","href":"https:\/\/api.w.org\/{rel}","templated":true}]}}